{"id":26077,"date":"2026-04-23T15:43:35","date_gmt":"2026-04-23T13:43:35","guid":{"rendered":"https:\/\/elcontrapunt.cat\/?page_id=26077"},"modified":"2026-04-23T15:43:37","modified_gmt":"2026-04-23T13:43:37","slug":"aviso-legal","status":"publish","type":"page","link":"https:\/\/elcontrapunt.cat\/es\/aviso-legal\/","title":{"rendered":"Aviso legal"},"content":{"rendered":"\n<p>Usted est\u00e1 visitando la p\u00e1gina Web <strong>www.elcontrapunt.cat<\/strong> titularidad de <strong>UII I POLS CRITIC, S.L.<\/strong> (en adelante \u00abla empresa\u00bb).<\/p>\n\n\n\n<ul class=\"wp-block-list\">\n<li><strong>Raz\u00f3n Social:<\/strong> UII I POLS CRITIC, S.L.<\/li>\n\n\n\n<li><strong>NIF:<\/strong> B26944371<\/li>\n\n\n\n<li><strong>Domicilio:<\/strong> Carrer Arag\u00f3, 366, 1a planta, 08009, Barcelona (Barcelona), Espa\u00f1a.<\/li>\n\n\n\n<li><strong>E-mail:<\/strong> info@elcontrapunt.cat<\/li>\n<\/ul>\n\n\n\n<p id=\"p-rc_8d69b56b109a7659-19\">La utilizaci\u00f3n del nombre de dominio <strong>elcontrapunt.cat<\/strong> se encuentra debidamente registrado por la empresa, con todas las garant\u00edas, tal y como dispone en la Ley 34\/2002, de 11 de julio, de Servicios de la Sociedad de la Informaci\u00f3n y del Comercio Electr\u00f3nico. No obstante, se pone de manifiesto la plena adecuaci\u00f3n de los presentes T\u00e9rminos Legales a la normativa vigente en materia de Protecci\u00f3n de Datos, Comercio Electr\u00f3nico, Condiciones Contrataci\u00f3n, Propiedad I<sup><\/sup>ntelectual y dem\u00e1s disposiciones subsidiarias.<\/p>\n\n\n\n<h3 class=\"wp-block-heading\">1. ACEPTACI\u00d3N DE LOS T\u00c9RMINOS LEGALES<\/h3>\n\n\n\n<p id=\"p-rc_8d69b56b109a7659-20\">El acceso a este sitio web o su utilizaci\u00f3n en cualquier forma implica la aceptaci\u00f3n de todas y cada una de los presentes T\u00e9rminos Legales, reserv\u00e1ndose la empresa el derecho a modificarlos en cualquier momento. En consecuencia, ser\u00e1 responsabilidad de todo visitante y\/o Usuario la at<sup><\/sup>enta lectura de los T\u00e9rminos Legales de uso vigente en cada una de las ocasiones en que acceda a este sitio web.<sup><\/sup><\/p>\n\n\n\n<h3 class=\"wp-block-heading\">2. OBJETO<\/h3>\n\n\n\n<p id=\"p-rc_8d69b56b109a7659-21\">Por medio de la web <strong>elcontrapunt.cat<\/strong>, se facilita a los Usuarios el acceso a diversos contenidos, servicios, informaci\u00f3n y datos (los \u00abcontenidos\u00bb), puestos a su disposici\u00f3n. La empresa se reserva el derecho de modificar en cualquier momento la presentaci\u00f3n, configuraci\u00f3n y localizaci\u00f3n de la p\u00e1gina <sup><\/sup>web.<\/p>\n\n\n\n<h3 class=\"wp-block-heading\">3. CONDICIONES DE ACCESO<\/h3>\n\n\n\n<ul class=\"wp-block-list\">\n<li><strong>A.<\/strong> El acceso a la informaci\u00f3n de los distintos productos y servicios, as\u00ed como su navegaci\u00f3n, ser\u00e1 libre y gratuita.<\/li>\n\n\n\n<li><strong>B.<\/strong> Cuando sea necesario facilitar datos de car\u00e1cter personal, los Usuarios garantizar\u00e1n su veracidad. La empresa dar\u00e1 a dichos datos el tratamiento automatizado indicado en la secci\u00f3n de Pol\u00edtica de Protecci\u00f3n de Datos.<\/li>\n<\/ul>\n\n\n\n<h3 class=\"wp-block-heading\">4. CONDICIONES DE UTILIZACI\u00d3N<\/h3>\n\n\n\n<p>El Usuario se compromete a hacer un uso adecuado y l\u00edcito del sitio web. El Usuario deber\u00e1 abstenerse de:<\/p>\n\n\n\n<ul class=\"wp-block-list\">\n<li>Hacer un uso no autorizado o fraudulento de los contenidos con fines il\u00edcitos.<\/li>\n\n\n\n<li>Provocar da\u00f1os en los sistemas f\u00edsicos o l\u00f3gicos del sitio web o de terceros.<\/li>\n\n\n\n<li>Intentar acceder, utilizar y\/o manipular los datos de la empresa o de otros Usuarios.<\/li>\n\n\n\n<li>Reproducir, copiar o distribuir los contenidos sin autorizaci\u00f3n expresa del titular.<\/li>\n<\/ul>\n\n\n\n<h3 class=\"wp-block-heading\">5. RESPONSABILIDADES<\/h3>\n\n\n\n<ul class=\"wp-block-list\">\n<li><strong>A.<\/strong> La empresa no garantiza el acceso continuado ni la correcta visualizaci\u00f3n de los elementos de la web ante factores fuera de su control.<\/li>\n\n\n\n<li><strong>B.<\/strong> La empresa podr\u00e1 interrumpir el servicio si detecta un uso contrario a los presentes T\u00e9rminos Legales.<\/li>\n\n\n\n<li><strong>C.<\/strong> La empresa no se hace responsable por da\u00f1os producidos por interferencias, virus inform\u00e1ticos, aver\u00edas telef\u00f3nicas o errores de seguridad producidos por un mal funcionamiento del navegador.<\/li>\n<\/ul>\n\n\n\n<h3 class=\"wp-block-heading\">6. PROPIEDAD INTELECTUAL E INDUSTRIAL<\/h3>\n\n\n\n<p>El Usuario reconoce que todas las marcas, nombres comerciales o signos distintivos y todos los derechos de propiedad industrial e intelectual sobre los contenidos son propiedad exclusiva de <strong>UII I POLS CRITIC, S.L.<\/strong> y\/o de terceros. Los contenidos, textos, fotograf\u00edas y dise\u00f1os est\u00e1n protegidos como derechos de autor por la legislaci\u00f3n vigente.<\/p>\n\n\n\n<h3 class=\"wp-block-heading\">7. PROTECCI\u00d3N DE DATOS<\/h3>\n\n\n\n<p>En cumplimiento con el <strong>Reglamento General de Protecci\u00f3n de Datos (UE) 2016\/679<\/strong>, la empresa tratar\u00e1 los datos personales de forma automatizada seg\u00fan los fines establecidos en su Pol\u00edtica de Protecci\u00f3n de Datos.<\/p>\n\n\n\n<h3 class=\"wp-block-heading\">8. DURACI\u00d3N Y TERMINACI\u00d3N<\/h3>\n\n\n\n<p>La prestaci\u00f3n del servicio tiene una duraci\u00f3n indefinida. No obstante, la empresa podr\u00e1 dar por terminada o suspender cualquiera de los servicios del portal, anunci\u00e1ndolo cuando sea posible.<\/p>\n\n\n\n<h3 class=\"wp-block-heading\">9. FUERZA MAYOR<\/h3>\n\n\n\n<p>La empresa no ser\u00e1 responsable en caso de imposibilidad de prestar servicio debido a interrupciones del suministro el\u00e9ctrico, conflictos sociales, huelgas, inundaciones o actos del Gobierno.<\/p>\n\n\n\n<h3 class=\"wp-block-heading\">10. COOKIES<\/h3>\n\n\n\n<p>Siguiendo las directrices de la Agencia Espa\u00f1ola de Protecci\u00f3n de Datos, podr\u00e1 consultar nuestra pol\u00edtica de cookies pinchando en el apartado correspondiente del sitio web.<\/p>\n\n\n\n<h3 class=\"wp-block-heading\">11. LEY APLICABLE Y JURISDICCI\u00d3N<\/h3>\n\n\n\n<p>Los presentes T\u00e9rminos Legales se rigen por la Ley espa\u00f1ola. Las partes acuerdan someterse a la jurisdicci\u00f3n de los <strong>Juzgados y Tribunales de Barcelona<\/strong>, por ser el lugar donde recae la raz\u00f3n social de la empresa.<\/p>\n","protected":false},"excerpt":{"rendered":"<p>Usted est\u00e1 visitando la p\u00e1gina Web www.elcontrapunt.cat titularidad de UII I POLS CRITIC, S.L. (en adelante \u00abla empresa\u00bb). La utilizaci\u00f3n del nombre de dominio elcontrapunt.cat se encuentra debidamente registrado por la empresa, con todas las garant\u00edas, tal y como dispone en la Ley 34\/2002, de 11 de julio, de Servicios de la Sociedad de la [&hellip;]<\/p>\n","protected":false},"author":1,"featured_media":0,"parent":0,"menu_order":0,"comment_status":"closed","ping_status":"closed","template":"","meta":{"jnews_page_loop":[],"jnews_single_page":[],"jnews_social_meta":[],"footnotes":""},"coauthors":[93],"class_list":["post-26077","page","type-page","status-publish","hentry"],"_links":{"self":[{"href":"https:\/\/elcontrapunt.cat\/es\/wp-json\/wp\/v2\/pages\/26077","targetHints":{"allow":["GET"]}}],"collection":[{"href":"https:\/\/elcontrapunt.cat\/es\/wp-json\/wp\/v2\/pages"}],"about":[{"href":"https:\/\/elcontrapunt.cat\/es\/wp-json\/wp\/v2\/types\/page"}],"author":[{"embeddable":true,"href":"https:\/\/elcontrapunt.cat\/es\/wp-json\/wp\/v2\/users\/1"}],"replies":[{"embeddable":true,"href":"https:\/\/elcontrapunt.cat\/es\/wp-json\/wp\/v2\/comments?post=26077"}],"version-history":[{"count":1,"href":"https:\/\/elcontrapunt.cat\/es\/wp-json\/wp\/v2\/pages\/26077\/revisions"}],"predecessor-version":[{"id":26078,"href":"https:\/\/elcontrapunt.cat\/es\/wp-json\/wp\/v2\/pages\/26077\/revisions\/26078"}],"wp:attachment":[{"href":"https:\/\/elcontrapunt.cat\/es\/wp-json\/wp\/v2\/media?parent=26077"}],"wp:term":[{"taxonomy":"author","embeddable":true,"href":"https:\/\/elcontrapunt.cat\/es\/wp-json\/wp\/v2\/coauthors?post=26077"}],"curies":[{"name":"wp","href":"https:\/\/api.w.org\/{rel}","templated":true}]}}