{"id":26079,"date":"2026-04-23T15:47:42","date_gmt":"2026-04-23T13:47:42","guid":{"rendered":"https:\/\/elcontrapunt.cat\/?page_id=26079"},"modified":"2026-04-23T15:47:44","modified_gmt":"2026-04-23T13:47:44","slug":"politica-de-privacidad","status":"publish","type":"page","link":"https:\/\/elcontrapunt.cat\/es\/politica-de-privacidad\/","title":{"rendered":"Pol\u00edtica de Privacidad"},"content":{"rendered":"\n<p>La presente Pol\u00edtica de Privacidad establece los t\u00e9rminos en que <strong>UII I POLS CRITIC, S.L.<\/strong> usa y protege la informaci\u00f3n que es proporcionada por sus usuarios al momento de utilizar el sitio web <strong><a target=\"_blank\" rel=\"noreferrer noopener\" href=\"https:\/\/elcontrapunt.cat\/\">https:\/\/elcontrapunt.cat\/<\/a><\/strong>. Esta empresa est\u00e1 comprometida con la seguridad de los datos de sus usuarios.<\/p>\n\n\n\n<h3 class=\"wp-block-heading\">1. RESPONSABLE DEL TRATAMIENTO<\/h3>\n\n\n\n<ul class=\"wp-block-list\">\n<li><strong>Identidad:<\/strong> UII I POLS CRITIC, S.L.<\/li>\n\n\n\n<li><strong>NIF:<\/strong> B26944371<\/li>\n\n\n\n<li><strong>Direcci\u00f3n postal:<\/strong> Carrer Arag\u00f3, 366, 1a planta, 08009, Barcelona (Barcelona), Espa\u00f1a.<\/li>\n\n\n\n<li><strong>Correo electr\u00f3nico:<\/strong> info@elcontrapunt.cat<\/li>\n<\/ul>\n\n\n\n<h3 class=\"wp-block-heading\">2. FINALIDAD DEL TRATAMIENTO DE DATOS<\/h3>\n\n\n\n<p>Dependiendo de la forma en que el usuario interact\u00fae con la web, trataremos sus datos para las siguientes finalidades:<\/p>\n\n\n\n<ul class=\"wp-block-list\">\n<li><strong>Gesti\u00f3n de consultas:<\/strong> Resolver dudas o solicitudes enviadas a trav\u00e9s de formularios de contacto o correos electr\u00f3nicos.<\/li>\n\n\n\n<li><strong>Env\u00edo de Newsletter:<\/strong> Enviar informaci\u00f3n sobre noticias, actualizaciones y servicios del portal (siempre con consentimiento previo).<\/li>\n\n\n\n<li><strong>Gesti\u00f3n de comentarios:<\/strong> Administrar las participaciones de los usuarios en los art\u00edculos del sitio.<\/li>\n\n\n\n<li><strong>Cumplimiento legal:<\/strong> Cumplir con las obligaciones legales que nos sean requeridas.<\/li>\n<\/ul>\n\n\n\n<h3 class=\"wp-block-heading\">3. LEGITIMACI\u00d3N<\/h3>\n\n\n\n<p>La base legal para el tratamiento de sus datos es:<\/p>\n\n\n\n<ol start=\"1\" class=\"wp-block-list\">\n<li><strong>El consentimiento:<\/strong> Al marcar la casilla de aceptaci\u00f3n en los formularios, usted autoriza el tratamiento de sus datos.<\/li>\n\n\n\n<li><strong>Inter\u00e9s leg\u00edtimo:<\/strong> Para la optimizaci\u00f3n del sitio web y garantizar la seguridad del mismo.<\/li>\n<\/ol>\n\n\n\n<h3 class=\"wp-block-heading\">4. PLAZO DE CONSERVACI\u00d3N<\/h3>\n\n\n\n<p>Los datos personales proporcionados se conservar\u00e1n mientras se mantenga la relaci\u00f3n con la entidad, no se solicite su supresi\u00f3n por el interesado, o durante los a\u00f1os necesarios para cumplir con las obligaciones legales.<\/p>\n\n\n\n<h3 class=\"wp-block-heading\">5. DESTINATARIOS<\/h3>\n\n\n\n<p><strong>UII I POLS CRITIC, S.L.<\/strong> no ceder\u00e1 sus datos personales a terceros, salvo que exista una obligaci\u00f3n legal o sea necesario para la prestaci\u00f3n del servicio (como proveedores de hosting o servicios de mensajer\u00eda).<\/p>\n\n\n\n<h3 class=\"wp-block-heading\">6. DERECHOS DEL USUARIO<\/h3>\n\n\n\n<p>Usted tiene derecho a obtener confirmaci\u00f3n sobre si estamos tratando sus datos personales. Puede ejercer sus derechos de:<\/p>\n\n\n\n<ul class=\"wp-block-list\">\n<li><strong>Acceso:<\/strong> Saber qu\u00e9 datos tenemos de usted.<\/li>\n\n\n\n<li><strong>Rectificaci\u00f3n:<\/strong> Corregir datos inexactos.<\/li>\n\n\n\n<li><strong>Supresi\u00f3n:<\/strong> Solicitar que eliminemos sus datos cuando ya no sean necesarios.<\/li>\n\n\n\n<li><strong>Oposici\u00f3n y Limitaci\u00f3n:<\/strong> Oponerse al tratamiento o solicitar su limitaci\u00f3n en determinadas circunstancias.<\/li>\n<\/ul>\n\n\n\n<p>Para ejercer estos derechos, puede enviar una comunicaci\u00f3n escrita al domicilio fiscal en <strong>Barcelona<\/strong> o al correo electr\u00f3nico indicado arriba, adjuntando una copia de su DNI para acreditar su identidad.<\/p>\n\n\n\n<h3 class=\"wp-block-heading\">7. SEGURIDAD DE LA INFORMACI\u00d3N<\/h3>\n\n\n\n<p>Hemos implementado las medidas de seguridad t\u00e9cnicas y organizativas necesarias para evitar la p\u00e9rdida, mal uso, alteraci\u00f3n o acceso no autorizado de sus datos, de acuerdo con lo establecido en la normativa vigente.<\/p>\n\n\n\n<h3 class=\"wp-block-heading\">8. RECLAMACIONES<\/h3>\n\n\n\n<p>Si considera que sus datos no han sido tratados correctamente, tiene derecho a presentar una reclamaci\u00f3n ante la <strong>Agencia Espa\u00f1ola de Protecci\u00f3n de Datos<\/strong> (www.aepd.es).<\/p>\n","protected":false},"excerpt":{"rendered":"<p>La presente Pol\u00edtica de Privacidad establece los t\u00e9rminos en que UII I POLS CRITIC, S.L. usa y protege la informaci\u00f3n que es proporcionada por sus usuarios al momento de utilizar el sitio web https:\/\/elcontrapunt.cat\/. Esta empresa est\u00e1 comprometida con la seguridad de los datos de sus usuarios. 1. RESPONSABLE DEL TRATAMIENTO 2. FINALIDAD DEL TRATAMIENTO [&hellip;]<\/p>\n","protected":false},"author":1,"featured_media":0,"parent":0,"menu_order":0,"comment_status":"closed","ping_status":"closed","template":"","meta":{"jnews_page_loop":[],"jnews_single_page":[],"jnews_social_meta":[],"footnotes":""},"coauthors":[93],"class_list":["post-26079","page","type-page","status-publish","hentry"],"_links":{"self":[{"href":"https:\/\/elcontrapunt.cat\/es\/wp-json\/wp\/v2\/pages\/26079","targetHints":{"allow":["GET"]}}],"collection":[{"href":"https:\/\/elcontrapunt.cat\/es\/wp-json\/wp\/v2\/pages"}],"about":[{"href":"https:\/\/elcontrapunt.cat\/es\/wp-json\/wp\/v2\/types\/page"}],"author":[{"embeddable":true,"href":"https:\/\/elcontrapunt.cat\/es\/wp-json\/wp\/v2\/users\/1"}],"replies":[{"embeddable":true,"href":"https:\/\/elcontrapunt.cat\/es\/wp-json\/wp\/v2\/comments?post=26079"}],"version-history":[{"count":2,"href":"https:\/\/elcontrapunt.cat\/es\/wp-json\/wp\/v2\/pages\/26079\/revisions"}],"predecessor-version":[{"id":26088,"href":"https:\/\/elcontrapunt.cat\/es\/wp-json\/wp\/v2\/pages\/26079\/revisions\/26088"}],"wp:attachment":[{"href":"https:\/\/elcontrapunt.cat\/es\/wp-json\/wp\/v2\/media?parent=26079"}],"wp:term":[{"taxonomy":"author","embeddable":true,"href":"https:\/\/elcontrapunt.cat\/es\/wp-json\/wp\/v2\/coauthors?post=26079"}],"curies":[{"name":"wp","href":"https:\/\/api.w.org\/{rel}","templated":true}]}}